{"id":3475,"date":"2022-07-07T15:30:28","date_gmt":"2022-07-07T08:30:28","guid":{"rendered":"https:\/\/hontam.com.vn\/?post_type=product&#038;p=3475"},"modified":"2025-07-07T18:35:55","modified_gmt":"2025-07-07T11:35:55","slug":"thue-cano-hon-tam","status":"publish","type":"product","link":"https:\/\/hontam.com.vn\/zh\/\u79df\u72ec\u6728\u821f3\u6b21\u4ee5\u4e0a\/","title":{"rendered":"\u5728 Hon Tam \u79df\u4e00\u8258\u72ec\u6728\u821f"},"content":{"rendered":"<div class=\"flex-1 overflow-hidden\">\n<div class=\"react-scroll-to-bottom--css-lcfib-79elbk h-full dark:bg-gray-800\">\n<div class=\"react-scroll-to-bottom--css-lcfib-1n7m0yu\">\n<div class=\"flex flex-col text-sm dark:bg-gray-800\">\n<div class=\"group final-completion w-full text-token-text-primary border-b border-black\/10 gizmo:border-0 dark:border-gray-900\/50 gizmo:dark:border-0 bg-gray-50 gizmo:bg-transparent dark:bg-[#444654] gizmo:dark:bg-transparent\" data-testid=\"conversation-turn-5\">\n<div class=\"p-4 justify-center text-base md:gap-6 md:py-6 m-auto\">\n<div class=\"flex flex-1 gap-4 text-base mx-auto md:gap-6 gizmo:gap-3 gizmo:md:px-5 gizmo:lg:px-1 gizmo:xl:px-5 md:max-w-2xl lg:max-w-[38rem] gizmo:md:max-w-3xl gizmo:lg:max-w-[40rem] gizmo:xl:max-w-[48rem] xl:max-w-3xl }\">\n<div class=\"relative flex w-[calc(100%-50px)] flex-col gizmo:w-full lg:w-[calc(100%-115px)] agent-turn\">\n<div class=\"flex-col gap-1 md:gap-3\">\n<div class=\"flex flex-grow flex-col gap-3 max-w-full\">\n<div class=\"min-h-[20px] flex flex-col items-start gap-3 whitespace-pre-wrap break-words overflow-x-auto\">\n<div class=\"markdown prose w-full break-words dark:prose-invert light\">\n<p>Thu\u00ea ri\u00eang m\u1ed9t chuy\u1ebfn cano \u0111\u1ec3 tham gia <a href=\"https:\/\/hontam.com.vn\/tour-3-dao-nha-trang\/\">tour \u0111\u1ea3o Nha Trang<\/a> c\u00f3 nhi\u1ec1u l\u1ee3i \u00edch, bao g\u1ed3m:<\/p>\n<ol>\n<li>S\u1ef1 ri\u00eang t\u01b0: Thu\u00ea cano ri\u00eang cho b\u1ea1n v\u00e0 nh\u00f3m b\u1ea1n, gi\u00fap b\u1ea3o \u0111\u1ea3m s\u1ef1 ri\u00eang t\u01b0 v\u00e0 kh\u00f4ng ph\u1ea3i chia s\u1ebb kh\u00f4ng gian v\u1edbi nh\u1eefng ng\u01b0\u1eddi kh\u00e1c. \u0110i\u1ec1u n\u00e0y t\u1ea1o ra m\u1ed9t tr\u1ea3i nghi\u1ec7m ri\u00eang t\u01b0 v\u00e0 tho\u1ea3i m\u00e1i h\u01a1n.<\/li>\n<li>L\u1ecbch tr\u00ecnh linh ho\u1ea1t: Khi b\u1ea1n thu\u00ea cano ri\u00eang, b\u1ea1n c\u00f3 th\u1ec3 t\u00f9y ch\u1ec9nh l\u1ecbch tr\u00ecnh c\u1ee7a chuy\u1ebfn \u0111i d\u1ef1a tr\u00ean s\u1edf th\u00edch v\u00e0 nhu c\u1ea7u ri\u00eang c\u1ee7a b\u1ea1n. B\u1ea1n c\u00f3 th\u1ec3 quy\u1ebft \u0111\u1ecbnh n\u01a1i b\u1ea1n mu\u1ed1n \u0111\u1ebfn, th\u1eddi gian b\u1ea1n mu\u1ed1n \u1edf m\u1ed7i \u0111i\u1ec3m d\u1eebng ch\u00e2n v\u00e0 th\u1eddi gian d\u00e0nh cho m\u1ed7i ho\u1ea1t \u0111\u1ed9ng.<\/li>\n<li>H\u01b0\u1edbng d\u1eabn c\u00e1 nh\u00e2n: Trong tr\u01b0\u1eddng h\u1ee3p thu\u00ea cano ri\u00eang, b\u1ea1n c\u00f3 th\u1ec3 c\u00f3 m\u1ed9t h\u01b0\u1edbng d\u1eabn ri\u00eang ho\u1eb7c thuy\u1ec1n tr\u01b0\u1edfng c\u00e1 nh\u00e2n d\u1eabn d\u1eaft b\u1ea1n trong h\u00e0nh tr\u00ecnh. \u0110i\u1ec1u n\u00e0y gi\u00fap b\u1ea1n hi\u1ec3u r\u00f5 h\u01a1n v\u1ec1 v\u00f9ng \u0111\u1ea3o v\u00e0 bi\u1ec3n Nha Trang, c\u0169ng nh\u01b0 nh\u1eadn \u0111\u01b0\u1ee3c s\u1ef1 ch\u0103m s\u00f3c t\u1eadn t\u00e2m v\u00e0 chia s\u1ebb th\u00f4ng tin th\u00fa v\u1ecb.<\/li>\n<li>T\u1ef1 do th\u1eddi gian: B\u1ea1n c\u00f3 quy\u1ec1n quy\u1ebft \u0111\u1ecbnh th\u1eddi gian b\u1ea1n mu\u1ed1n d\u00e0nh cho t\u1eebng ho\u1ea1t \u0111\u1ed9ng, nh\u01b0 snorkeling, th\u01b0 gi\u00e3n tr\u00ean b\u00e3i bi\u1ec3n, c\u00e2u c\u00e1 ho\u1eb7c th\u0103m c\u00e1c \u0111\u1ecba danh. Kh\u00f4ng c\u1ea7n ph\u1ee5 thu\u1ed9c v\u00e0o l\u1ecbch tr\u00ecnh c\u1ed1 \u0111\u1ecbnh c\u1ee7a nh\u00f3m tour l\u1edbn.<\/li>\n<li>T\u1eadn h\u01b0\u1edfng \u0111\u1ea3o hoang s\u01a1: Thu\u00ea cano ri\u00eang cho ph\u00e9p b\u1ea1n tr\u1ea3i nghi\u1ec7m s\u1ef1 y\u00ean b\u00ecnh v\u00e0 hoang s\u01a1 c\u1ee7a c\u00e1c \u0111\u1ea3o, n\u01a1i kh\u00f4ng c\u00f3 \u0111\u00e1m \u0111\u00f4ng \u0111\u00f4ng \u0111\u00fac. B\u1ea1n c\u00f3 th\u1ec3 t\u1eadn h\u01b0\u1edfng kh\u00f4ng gian t\u1ef1 nhi\u00ean v\u00e0 c\u1ea3m gi\u00e1c b\u00ecnh y\u00ean.<\/li>\n<li>Ch\u1ea5t l\u01b0\u1ee3ng d\u1ecbch v\u1ee5 c\u00e1 nh\u00e2n: V\u1edbi chuy\u1ebfn \u0111i ri\u00eang, d\u1ecbch v\u1ee5 th\u01b0\u1eddng \u0111\u01b0\u1ee3c t\u1eadp trung v\u00e0o b\u1ea1n v\u00e0 nh\u00f3m b\u1ea1n, gi\u00fap t\u1ea1o ra m\u1ed9t tr\u1ea3i nghi\u1ec7m cao c\u1ea5p v\u00e0 th\u00fa v\u1ecb h\u01a1n.<\/li>\n<\/ol>\n<p>Khi thu\u00ea cano \u0111\u1ec3 tham gia tour \u0111\u1ea3o \u1edf Nha Trang, c\u00f3 m\u1ed9t s\u1ed1 l\u01b0u \u00fd quan tr\u1ecdng b\u1ea1n c\u1ea7n xem x\u00e9t \u0111\u1ec3 \u0111\u1ea3m b\u1ea3o m\u1ed9t chuy\u1ebfn \u0111i an to\u00e0n v\u00e0 th\u00fa v\u1ecb:<\/p>\n<ol>\n<li>Ch\u1ecdn nh\u00e0 cung c\u1ea5p tour \u0111\u00e1ng tin c\u1eady: H\u00e3y th\u0103m kh\u1ea3o v\u00e0 t\u00ecm hi\u1ec3u v\u1ec1 c\u00e1c c\u00f4ng ty cung c\u1ea5p tour \u0111\u1ea3o v\u00e0 \u0111\u00e1nh gi\u00e1 c\u1ee7a h\u1ecd t\u1eeb kh\u00e1ch h\u00e0ng tr\u01b0\u1edbc \u0111\u00e2y. \u0110\u1ea3m b\u1ea3o r\u1eb1ng h\u1ecd \u0111\u00e1p \u1ee9ng c\u00e1c ti\u00eau chu\u1ea9n an to\u00e0n v\u00e0 ch\u1ea5t l\u01b0\u1ee3ng.<\/li>\n<li>Ki\u1ec3m tra an to\u00e0n c\u1ee7a cano: Tr\u01b0\u1edbc khi b\u1eaft \u0111\u1ea7u chuy\u1ebfn \u0111i, ki\u1ec3m tra xem cano c\u00f3 \u0111\u1ee7 thi\u1ebft b\u1ecb an to\u00e0n nh\u01b0 \u00e1o phao,\u00a0 c\u00e1c thi\u1ebft b\u1ecb c\u1ea7n thi\u1ebft kh\u00e1c. H\u00e3y \u0111\u1ea3m b\u1ea3o cano \u0111ang trong t\u00ecnh tr\u1ea1ng t\u1ed1t.<\/li>\n<li>H\u1ecfi v\u1ec1 l\u1ecbch tr\u00ecnh v\u00e0 ho\u1ea1t \u0111\u1ed9ng: Tr\u01b0\u1edbc khi thu\u00ea cano, h\u00e3y h\u1ecfi nh\u00e0 cung c\u1ea5p tour v\u1ec1 l\u1ecbch tr\u00ecnh c\u1ee5 th\u1ec3, \u0111i\u1ec3m d\u1eebng ch\u00e2n, ho\u1ea1t \u0111\u1ed9ng c\u00f3 trong tour, v\u00e0 th\u1eddi gian d\u00e0nh cho m\u1ed7i ho\u1ea1t \u0111\u1ed9ng. \u0110i\u1ec1u n\u00e0y gi\u00fap b\u1ea1n hi\u1ec3u r\u00f5 chuy\u1ebfn \u0111i v\u00e0 c\u00f3 th\u1ec3 chu\u1ea9n b\u1ecb t\u1ed1t h\u01a1n.<\/li>\n<li>Ki\u1ec3m tra th\u1eddi ti\u1ebft: Tr\u01b0\u1edbc khi kh\u1edfi h\u00e0nh, ki\u1ec3m tra d\u1ef1 b\u00e1o th\u1eddi ti\u1ebft \u0111\u1ec3 \u0111\u1ea3m b\u1ea3o r\u1eb1ng \u0111i\u1ec1u ki\u1ec7n bi\u1ec3n an to\u00e0n cho chuy\u1ebfn \u0111i. N\u1ebfu c\u00f3 d\u1ea5u hi\u1ec7u m\u01b0a to ho\u1eb7c s\u00f3ng l\u1edbn, h\u00e3y xem x\u00e9t ho\u00e3n ho\u1eb7c thay \u0111\u1ed5i l\u1ecbch tr\u00ecnh.<\/li>\n<li>Mang theo \u0111\u1ed3 c\u00e1 nh\u00e2n: H\u00e3y mang theo \u00e1o t\u1eafm, kem ch\u1ed1ng n\u1eafng, k\u00ednh r\u00e2m, n\u00f3n, m\u00e1y \u1ea3nh, v\u00e0 nhu c\u1ea7u c\u00e1 nh\u00e2n kh\u00e1c \u0111\u1ec3 t\u1eadn h\u01b0\u1edfng chuy\u1ebfn \u0111i m\u1ed9t c\u00e1ch tho\u1ea3i m\u00e1i.<\/li>\n<li>\u0110\u1ea3m b\u1ea3o an to\u00e0n trong n\u01b0\u1edbc bi\u1ec3n: H\u00e3y tu\u00e2n th\u1ee7 h\u01b0\u1edbng d\u1eabn v\u1ec1 an to\u00e0n trong n\u01b0\u1edbc bi\u1ec3n v\u00e0 h\u1ea1n ch\u1ebf b\u01a1i xa b\u1edd qu\u00e1 xa. H\u00e3y lu\u00f4n m\u1eb7c \u00e1o phao khi c\u1ea7n thi\u1ebft.<\/li>\n<li>B\u1ea3o v\u1ec7 m\u00f4i tr\u01b0\u1eddng: Tham gia tour \u0111\u1ea3o theo c\u00e1ch b\u1ea3o v\u1ec7 m\u00f4i tr\u01b0\u1eddng b\u1eb1ng c\u00e1ch kh\u00f4ng b\u1ecf r\u00e1c, kh\u00f4ng can thi\u1ec7p v\u00e0o h\u1ec7 sinh th\u00e1i \u0111\u1ea3o, v\u00e0 t\u00f4n tr\u1ecdng c\u00e1c quy \u0111\u1ecbnh v\u1ec1 b\u1ea3o v\u1ec7 t\u1ef1 nhi\u00ean.<\/li>\n<li>Ch\u00fa \u00fd t\u1edbi s\u1ee9c kh\u1ecfe: H\u00e3y \u0111\u1ea3m b\u1ea3o r\u1eb1ng b\u1ea1n \u0111\u1ee7 s\u1ee9c kh\u1ecfe \u0111\u1ec3 tham gia tour \u0111\u1ea3o v\u00e0 n\u1ebfu b\u1ea1n c\u00f3 b\u1ea5t k\u1ef3 v\u1ea5n \u0111\u1ec1 s\u1ee9c kh\u1ecfe n\u00e0o, h\u00e3y th\u1ea3o lu\u1eadn v\u1edbi b\u00e1c s\u0129 tr\u01b0\u1edbc khi \u0111i.<\/li>\n<li>Lu\u00f4n gi\u1eef li\u00ean l\u1ea1c: Mang theo \u0111i\u1ec7n tho\u1ea1i di \u0111\u1ed9ng ho\u1eb7c c\u00e1c thi\u1ebft b\u1ecb li\u00ean l\u1ea1c \u0111\u1ec3 g\u1eedi th\u00f4ng b\u00e1o trong tr\u01b0\u1eddng h\u1ee3p kh\u1ea9n c\u1ea5p.<\/li>\n<\/ol>\n<p>L\u01b0u \u00fd r\u1eb1ng \u0111i\u1ec1u quan tr\u1ecdng nh\u1ea5t l\u00e0 an to\u00e0n, v\u00ec v\u1eady h\u00e3y lu\u00f4n tu\u00e2n theo h\u01b0\u1edbng d\u1eabn c\u1ee7a h\u01b0\u1edbng d\u1eabn vi\u00ean ho\u1eb7c thuy\u1ec1n tr\u01b0\u1edfng v\u00e0 th\u1ef1c hi\u1ec7n c\u00e1c bi\u1ec7n ph\u00e1p an to\u00e0n khi tham gia tour \u0111\u1ea3o b\u1eb1ng cano.<\/p>\n<\/div>\n<\/div>\n<\/div>\n<\/div>\n<\/div>\n<\/div>\n<\/div>\n<\/div>\n<div class=\"h-36 md:h-48 flex-shrink-0\"><\/div>\n<\/div>\n<\/div>\n<\/div>\n<\/div>\n<div class=\"w-full pt-2 md:pt-0 border-t md:border-t-0 dark:border-white\/20 md:border-transparent md:dark:border-transparent md:pl-2 md:w-[calc(100%-.5rem)] absolute bottom-0 left-0 md:bg-vert-light-gradient bg-white dark:bg-gray-800 md:!bg-transparent dark:md:bg-vert-dark-gradient\">\n<form class=\"stretch mx-2 flex flex-row gap-3 last:mb-2 md:mx-4 md:last:mb-6 lg:mx-auto lg:max-w-2xl xl:max-w-3xl\">\n<div class=\"relative flex h-full flex-1 items-stretch md:flex-col\">\n<div>\n<div class=\"h-full flex ml-1 md:w-full md:m-auto md:mb-4 gap-0 md:gap-2 justify-center\"><\/div>\n<\/div>\n<\/div>\n<\/form>\n<\/div>\n","protected":false},"excerpt":{"rendered":"<p>\u79df\u4e00\u8258\u72ec\u6728\u821f\u6e38\u89c8\u82bd\u5e84\u7684\u5c9b\u5c7f\uff0c\u4e3b\u52a8\u5b89\u6392\u5bb6\u5ead\u6216\u5546\u52a1\u56e2\u4f53\u3002<\/p>","protected":false},"featured_media":3059,"comment_status":"open","ping_status":"closed","template":"","meta":{"content-type":""},"product_brand":[],"product_cat":[250,23],"product_tag":[391],"class_list":{"0":"post-3475","1":"product","2":"type-product","3":"status-publish","4":"has-post-thumbnail","6":"product_cat-tour-dao-nha-trang","7":"product_cat-tour-hon-tam-nha-trang","8":"product_tag-thue-cano-di-hon-tam","10":"first","11":"instock","12":"sold-individually","13":"taxable","14":"shipping-taxable","15":"purchasable","16":"product-type-booking"},"_links":{"self":[{"href":"https:\/\/hontam.com.vn\/zh\/wp-json\/wp\/v2\/product\/3475","targetHints":{"allow":["GET"]}}],"collection":[{"href":"https:\/\/hontam.com.vn\/zh\/wp-json\/wp\/v2\/product"}],"about":[{"href":"https:\/\/hontam.com.vn\/zh\/wp-json\/wp\/v2\/types\/product"}],"replies":[{"embeddable":true,"href":"https:\/\/hontam.com.vn\/zh\/wp-json\/wp\/v2\/comments?post=3475"}],"wp:featuredmedia":[{"embeddable":true,"href":"https:\/\/hontam.com.vn\/zh\/wp-json\/wp\/v2\/media\/3059"}],"wp:attachment":[{"href":"https:\/\/hontam.com.vn\/zh\/wp-json\/wp\/v2\/media?parent=3475"}],"wp:term":[{"taxonomy":"product_brand","embeddable":true,"href":"https:\/\/hontam.com.vn\/zh\/wp-json\/wp\/v2\/product_brand?post=3475"},{"taxonomy":"product_cat","embeddable":true,"href":"https:\/\/hontam.com.vn\/zh\/wp-json\/wp\/v2\/product_cat?post=3475"},{"taxonomy":"product_tag","embeddable":true,"href":"https:\/\/hontam.com.vn\/zh\/wp-json\/wp\/v2\/product_tag?post=3475"}],"curies":[{"name":"\u53ef\u6e7f\u6027\u7c89\u5242","href":"https:\/\/api.w.org\/{rel}","templated":true}]}}