{"id":7627,"date":"2025-01-02T09:22:45","date_gmt":"2025-01-02T02:22:45","guid":{"rendered":"https:\/\/hontam.com.vn\/?post_type=product&#038;p=7627"},"modified":"2026-04-06T08:50:57","modified_gmt":"2026-04-06T01:50:57","slug":"tour-3-dao-nha-trang-t2-mini-beach-lang-chai-hon-tam","status":"publish","type":"product","link":"https:\/\/hontam.com.vn\/zh\/\u82bd\u5e84\u51fa\u6d77-t2-\u5c0f\u6d77\u6ee9-\u6e14\u6751-\u8695\u5c9b\/","title":{"rendered":"Tour 3 \u0111\u1ea3o Nha Trang T2 &#8211; Mini Beach &#8211; L\u00e0ng Ch\u00e0i &#8211; H\u00f2n T\u1eb1m"},"content":{"rendered":"<div class=\"container\">\n<h2><b>\u82bd\u5e84\u5c9b\u4e00\u65e5\u6e38\uff1a\u8ff7\u4f60\u6d77\u6ee9 \u2013 \u6e14\u6751 \u2013 HON TAM<\/b><\/h2>\n<hr \/>\n<p><b>\u6982\u8ff0<\/b><\/p>\n<p>\u6b22\u8fce\u6765\u5230 <b>\u82bd\u5e84\u5c9b\u4e00\u65e5\u6e38<\/b> \u5957\u9910\u2014\u2014\u63a2\u7d22\u82bd\u5e84\u6e7e\u65e0\u5c3d\u7f8e\u666f\u7684\u7406\u60f3\u65c5\u7a0b\uff0c\u4eab\u53d7\u5b81\u9759\u7684\u65f6\u5149\u3002\u884c\u7a0b\u4e13\u4e3a\u60a8\u6253\u9020\uff0c\u5e26\u60a8\u4f53\u9a8c\u78a7\u6d77\u767d\u6c99\uff0c\u5c24\u5176\u662f\u8ff7\u4eba\u7684 <b>\u8ff7\u4f60\u6d77\u6ee9\uff08\u8ff7\u4f60\u5c9b\uff09<\/b> \u2014\u2014\u88ab\u8a89\u4e3a\u201c\u8d8a\u5357\u590f\u5a01\u5937\u201d\u7684\u8d8a\u5357\u3002\u4ece\u6c89\u6d78\u5728\u6e05\u6f88\u7684\u6d77\u6c34\u4e2d\uff0c\u4eab\u53d7\u539f\u59cb\u7684\u7a7a\u95f4\uff0c\u5230\u6253\u5361\u201c\u865a\u62df\u751f\u6d3b\u201d\uff0c\u54c1\u5c1d\u65b0\u9c9c\u7684\u5f53\u5730\u7f8e\u98df\uff0c\u518d\u5230\u5728\u8c6a\u534e\u5ea6\u5047\u6751\u653e\u677e\u4f11\u61a9\uff0c\u8fd9\u8d9f\u65c5\u7a0b\u5c06\u6210\u4e3a\u60a8\u65c5\u9014\u4e2d\u96be\u5fd8\u7684\u4eae\u70b9\u3002 <b>\u82bd\u5e84\u65c5\u6e38<\/b> \u4f60\u7684\u3002\u4e3a\u8fd9\u4e00\u5929\u505a\u597d\u51c6\u5907 <b>\u63a2\u7d22\u82bd\u5e84\u7fa4\u5c9b<\/b> \u548c\u6211\u4eec\u4e00\u8d77\u68a6\u60f3\u5427\uff01<\/p>\n<hr \/>\n<h2><b>\u82bd\u5e84\u5c9b\u4e00\u65e5\u6e38\u4eae\u70b9\uff1a<\/b><\/h2>\n<ul>\n<li><b>\u8ff7\u4f60\u6d77\u6ee9\uff1a<\/b> \u63a2\u7d22\u201c\u8d8a\u5357\u590f\u5a01\u5937\u201d\uff0c\u8fd9\u91cc\u6709\u7ec6\u767d\u7684\u6c99\u6ee9\u3001\u6e05\u6f88\u78a7\u7eff\u7684\u6d77\u6c34\u548c\u5929\u7136\u7684\u60ac\u5d16\uff0c\u8425\u9020\u51fa\u7f8e\u4e3d\u7684\u5165\u4f4f\u573a\u666f\uff0c\u975e\u5e38\u9002\u5408\u70ed\u7231\u548c\u5e73\u548c\u91ce\u6027\u4e4b\u7f8e\u7684\u4eba\u4eec\u3002<\/li>\n<li><b>\u6e14\u6751\uff1a<\/b> \u4f53\u9a8c\u5f53\u5730\u6e14\u6c11\u5728\u6d6e\u7b4f\u4e0a\u7684\u751f\u6d3b\uff0c\u5728\u72ec\u7279\u7684\u6c34\u4e0a\u9910\u5385\u4eab\u7528\u521a\u6355\u83b7\u7684\u65b0\u9c9c\u6d77\u9c9c\u5348\u9910\u3002<\/li>\n<li><b>\u6d2a\u8c2d\u5ea6\u5047\u6751\uff1a<\/b> \u60a8\u53ef\u4ee5\u5728\u62e5\u6709\u79c1\u4eba\u6d77\u6ee9\u7684\u8c6a\u534e\u5ea6\u5047\u6751\u653e\u677e\u8eab\u5fc3\uff0c\u53c2\u52a0\u523a\u6fc0\u7684\u6c34\u4e0a\u8fd0\u52a8\uff08\u76ae\u5212\u8247\u3001\u6ed1\u7fd4\u4f1e\u3001\u6c34\u4e0a\u6469\u6258\u8247\u3001\u98de\u884c\u677f\uff09\u6216\u6c89\u6d78\u5728\u72ec\u7279\u7684\u6cbb\u7597\u70ed\u77ff\u6ce5\u4e2d\u3002<\/li>\n<li><b>\u51fa\u884c\u4fbf\u6377\uff1a<\/b> \u9ad8\u901f\u72ec\u6728\u821f\u63d0\u4f9b\u5feb\u901f\u3001\u5b89\u5168\u7684\u63a5\u9001\u670d\u52a1\uff0c\u5e2e\u52a9\u60a8\u8282\u7701\u65f6\u95f4\u5e76\u4f18\u5316\u60a8\u7684\u4f53\u9a8c\u3002<\/li>\n<li><b>\u5168\u65b9\u4f4d\u670d\u52a1\uff1a<\/b> \u5305\u542b\u70ed\u60c5\u7684\u5bfc\u6e38\u3001\u5348\u9910\u3001\u95e8\u7968\u548c\u65c5\u6e38\u4fdd\u9669\uff0c\u786e\u4fdd\u60a8\u7684\u65c5\u9014\u65e0\u5fe7\u3002<\/li>\n<\/ul>\n<hr \/>\n<h2><b>\u82bd\u5e84\u5c9b\u65c5\u6e38\u8be6\u7ec6\u884c\u7a0b\uff1a<\/b><\/h2>\n<p>\u8ba9\u6211\u4eec\u4e00\u8d77\u63a2\u7d22\u65c5\u9014\u4e2d\u6bcf\u4e00\u4e2a\u96be\u5fd8\u7684\u65f6\u523b <b>\u82bd\u5e843\u5c9b\u6e38<\/b> \u4f60\u7684\uff1a<\/p>\n<h3><b>\u4e0a\u5348 8:00 \u2013 8:30\uff1a\u4ece\u82bd\u5e84\u65c5\u6e38\u7801\u5934\u63a5\u5ba2\u5e76\u51fa\u53d1<\/b><\/h3>\n<figure id=\"attachment_3855\" aria-describedby=\"caption-attachment-3855\" style=\"width: 2180px\" class=\"wp-caption alignnone\"><img loading=\"lazy\" decoding=\"async\" class=\"size-full wp-image-3855\" src=\"https:\/\/hontam.com.vn\/wp-content\/uploads\/2022\/04\/Ben-tau-du-lich-Nha-Trang-.png\" alt=\"\u82bd\u5e84 Ben tau \u65c5\u6e38\" width=\"2180\" height=\"1296\" srcset=\"https:\/\/hontam.com.vn\/wp-content\/uploads\/2022\/04\/Ben-tau-du-lich-Nha-Trang-.png 2180w, https:\/\/hontam.com.vn\/wp-content\/uploads\/2022\/04\/Ben-tau-du-lich-Nha-Trang--600x357.png 600w, https:\/\/hontam.com.vn\/wp-content\/uploads\/2022\/04\/Ben-tau-du-lich-Nha-Trang--673x400.png 673w, https:\/\/hontam.com.vn\/wp-content\/uploads\/2022\/04\/Ben-tau-du-lich-Nha-Trang--1346x800.png 1346w, https:\/\/hontam.com.vn\/wp-content\/uploads\/2022\/04\/Ben-tau-du-lich-Nha-Trang--768x457.png 768w, https:\/\/hontam.com.vn\/wp-content\/uploads\/2022\/04\/Ben-tau-du-lich-Nha-Trang--1536x913.png 1536w, https:\/\/hontam.com.vn\/wp-content\/uploads\/2022\/04\/Ben-tau-du-lich-Nha-Trang--2048x1218.png 2048w\" sizes=\"auto, (max-width: 2180px) 100vw, 2180px\" \/><figcaption id=\"caption-attachment-3855\" class=\"wp-caption-text\">\u82bd\u5e84\u65c5\u6e38\u7801\u5934<\/figcaption><\/figure>\n<ul>\n<li>\u6211\u4eec\u7684\u6c7d\u8f66\u548c\u5bfc\u6e38\u5c06\u5230\u60a8\u4f4d\u4e8e\u82bd\u5e84\u5e02\u4e2d\u5fc3\u7684\u9152\u5e97\u63a5\u60a8\u3002<\/li>\n<li>\u79fb\u81f3 <b>\u82bd\u5e84\u65c5\u6e38\u7801\u5934<\/b>\uff0c\u529e\u5b8c\u624b\u7eed\u767b\u4e0a\u5feb\u8247\uff0c\u5f00\u59cb\u63a2\u7d22\u6d77\u6e7e\u7684\u65c5\u7a0b\u3002<\/li>\n<\/ul>\n<h3><b>\u4e0a\u5348 9:00 \u2013 11:00\uff1a\u6c89\u6d78\u4e8e\u8ff7\u4f60\u6d77\u6ee9\u2014\u2014\u201c\u8d8a\u5357\u7684\u590f\u5a01\u5937\u201d<\/b><\/h3>\n<ul>\n<li>\u72ec\u6728\u821f\u5e26\u4f60\u53bb <a href=\"https:\/\/hontam.com.vn\/zh\/\u82bd\u5e84\u51fa\u6d77-\u7b2c4\u90e8\u5206\uff1a\u8ff7\u4f60\u6d77\u6ee9\/\"><b>\u82bd\u5e84\u8ff7\u4f60\u6d77\u6ee9<\/b><\/a>\uff0c\u4e00\u9897\u9690\u85cf\u7684\u5b9d\u77f3\uff0c\u62e5\u6709\u72c2\u91ce\u800c\u96c4\u4f1f\u7684\u7f8e\u4e3d\u3002<\/li>\n<li>\u5728\u8fd9\u91cc\uff0c\u6d01\u767d\u7684\u6c99\u6ee9\u548c\u6e05\u6f88\u78a7\u7eff\u7684\u6d77\u6c34\u5b9a\u4f1a\u8ba9\u60a8\u5fc3\u9a70\u795e\u5f80\uff0c\u4e00\u89c8\u65e0\u4f59\u3002\u8fd9\u91cc\u662f\u7406\u60f3\u7684\u5ea6\u5047\u80dc\u5730\uff1a\n<ul>\n<li><b>\u6d77\u6c34\u6d74\uff1a<\/b> \u8ba9\u81ea\u5df1\u6c89\u6d78\u5728\u6e05\u51c9\u7684\u6c34\u4e2d\u3002<\/li>\n<li><b>\u653e\u677e\u5e76\u62cd\u7167\uff1a<\/b> \u4eab\u53d7\u5b81\u9759\u7684\u7a7a\u95f4\uff0c\u5728\u5929\u7136\u60ac\u5d16\u65c1\u5bfb\u627e\u72ec\u7279\u7684\u201c\u865a\u62df\u751f\u6d3b\u201d\u89d2\u843d\uff0c\u6c89\u6d78\u5728\u88ab\u79f0\u4e3a\u201c\u8d8a\u5357\u590f\u5a01\u5937\u201d\u7684\u98ce\u666f\u4e2d\u3002<\/li>\n<li><b>\u89c2\u5149\uff1a<\/b> \u547c\u5438\u65b0\u9c9c\u7a7a\u6c14\uff0c\u4ece\u6700\u7f8e\u4e3d\u7684\u6709\u5229\u4f4d\u7f6e\u6b23\u8d4f\u82bd\u5e84\u6e7e\u7684\u5168\u666f\u3002<\/li>\n<\/ul>\n<\/li>\n<\/ul>\n<p><img loading=\"lazy\" decoding=\"async\" class=\"alignnone size-full wp-image-6846\" src=\"https:\/\/hontam.com.vn\/wp-content\/uploads\/2024\/12\/Mini-Beach-Nha-Trang-.jpg\" alt=\"\u82bd\u5e84\u8ff7\u4f60\u6d77\u6ee9\" width=\"1440\" height=\"754\" srcset=\"https:\/\/hontam.com.vn\/wp-content\/uploads\/2024\/12\/Mini-Beach-Nha-Trang-.jpg 1440w, https:\/\/hontam.com.vn\/wp-content\/uploads\/2024\/12\/Mini-Beach-Nha-Trang--600x314.jpg 600w, https:\/\/hontam.com.vn\/wp-content\/uploads\/2024\/12\/Mini-Beach-Nha-Trang--764x400.jpg 764w, https:\/\/hontam.com.vn\/wp-content\/uploads\/2024\/12\/Mini-Beach-Nha-Trang--1400x733.jpg 1400w, https:\/\/hontam.com.vn\/wp-content\/uploads\/2024\/12\/Mini-Beach-Nha-Trang--768x402.jpg 768w\" sizes=\"auto, (max-width: 1440px) 100vw, 1440px\" \/><\/p>\n<h3><b>11:30 \u2013 13:00 \u5348\u9910\uff1a\u5728\u6e14\u6751\u4eab\u7528\u6d77\u9c9c<\/b><\/h3>\n<p><img loading=\"lazy\" decoding=\"async\" class=\"size-full wp-image-6976 aligncenter\" src=\"https:\/\/hontam.com.vn\/wp-content\/uploads\/2024\/12\/Tour-3-dao-nha-trang-lang-chai-768x568-1.webp\" alt=\"Tour-3-knife-nha-trang-lang-chai-768x568\" width=\"768\" height=\"568\" srcset=\"https:\/\/hontam.com.vn\/wp-content\/uploads\/2024\/12\/Tour-3-dao-nha-trang-lang-chai-768x568-1.webp 768w, https:\/\/hontam.com.vn\/wp-content\/uploads\/2024\/12\/Tour-3-dao-nha-trang-lang-chai-768x568-1-600x444.webp 600w, https:\/\/hontam.com.vn\/wp-content\/uploads\/2024\/12\/Tour-3-dao-nha-trang-lang-chai-768x568-1-541x400.webp 541w\" sizes=\"auto, (max-width: 768px) 100vw, 768px\" \/><\/p>\n<ul>\n<li>\u7ee7\u7eed\u524d\u5f80 <a href=\"https:\/\/hontam.com.vn\/zh\/\u82bd\u5e84\u51fa\u6d77-\u7b2c\u4e94\u90e8\u5206-\u6e14\u6751\/\"><b>\u82bd\u5e84\u6e14\u6751<\/b><\/a> \u2014\u2014\u6d77\u4e0a\u4e00\u5ea7\u5b81\u9759\u7684\u6f02\u6d6e\u6e14\u6751\u3002<\/li>\n<li>\u60a8\u5c06\u53c2\u89c2\u6d77\u9c9c\u517b\u6b96\u573a\u5e76\u4e86\u89e3\u5f53\u5730\u6e14\u6c11\u7684\u751f\u6d3b\u3002<\/li>\n<li>\u4eab\u7528\u4e30\u76db\u7684\u5348\u9910\uff0c\u73b0\u573a\u70f9\u5236\u65b0\u9c9c\u6d77\u9c9c\u83dc\u80b4\uff08\u5305\u542b\u5728\u884c\u7a0b\u5185\uff09\u3002\u60a8\u4e5f\u53ef\u4ee5\u6839\u636e\u8981\u6c42\u8d2d\u4e70\u66f4\u591a\u65b0\u9c9c\u6d77\u9c9c\uff08\u9700\u81ea\u8d39\uff09\u3002<\/li>\n<\/ul>\n<h3><b>13:30 \u2013 16:00 \u4e0b\u5348\uff1a\u5728 Hon Tam \u5ea6\u5047\u6751\u4eab\u53d7\u6ce5\u6d74\u548c\u653e\u677e<\/b><\/h3>\n<p><img loading=\"lazy\" decoding=\"async\" class=\"alignnone size-full wp-image-313\" src=\"https:\/\/hontam.com.vn\/wp-content\/uploads\/2021\/01\/tam-bun-hon-tam-min.jpg\" alt=\"\u8c2d\u6587\u6bd4\u8c2d\" width=\"2200\" height=\"1467\" srcset=\"https:\/\/hontam.com.vn\/wp-content\/uploads\/2021\/01\/tam-bun-hon-tam-min.jpg 2200w, https:\/\/hontam.com.vn\/wp-content\/uploads\/2021\/01\/tam-bun-hon-tam-min-600x400.jpg 600w, https:\/\/hontam.com.vn\/wp-content\/uploads\/2021\/01\/tam-bun-hon-tam-min-1200x800.jpg 1200w, https:\/\/hontam.com.vn\/wp-content\/uploads\/2021\/01\/tam-bun-hon-tam-min-768x512.jpg 768w, https:\/\/hontam.com.vn\/wp-content\/uploads\/2021\/01\/tam-bun-hon-tam-min-1536x1024.jpg 1536w, https:\/\/hontam.com.vn\/wp-content\/uploads\/2021\/01\/tam-bun-hon-tam-min-2048x1366.jpg 2048w, https:\/\/hontam.com.vn\/wp-content\/uploads\/2021\/01\/tam-bun-hon-tam-min-510x340.jpg 510w\" sizes=\"auto, (max-width: 2200px) 100vw, 2200px\" \/><\/p>\n<ul>\n<li>\u6700\u540e\u4e00\u7ad9\u662f <b>\u5173\u4e8e\u8695\u5c9b<\/b>\uff0c\u4e00\u4e2a\u62e5\u6709\u8c6a\u534e\u5ea6\u5047\u6751\u548c\u7f8e\u4e3d\u6d77\u6ee9\u7684\u5c9b\u5c7f\u3002<\/li>\n<li>\u5728\u8fd9\u91cc\uff0c\u60a8\u6709\u591a\u79cd\u653e\u677e\u548c\u5a31\u4e50\u7684\u9009\u62e9\uff1a\n<ul>\n<li><b>\u70ed\u77ff\u6ce5\u6d74\uff1a<\/b> \u4f53\u9a8c\u72ec\u7279\u7684\u77ff\u7269\u6ce5\u6d74\u670d\u52a1\uff0c\u5e2e\u52a9\u653e\u677e\u8eab\u5fc3\u3001\u6062\u590d\u7cbe\u529b\uff08\u8d39\u7528\u81ea\u7406\uff09\u3002<\/li>\n<li><b>\u6c99\u6ee9\u8fd0\u52a8\u6e38\u620f\uff1a<\/b> \u53c2\u52a0\u76ae\u5212\u8247\u3001\u6ed1\u7fd4\u4f1e\u3001\u6c34\u4e0a\u6469\u6258\u8247\u3001\u9999\u8549\u8239\u3001\u98de\u884c\u677f\u8fd0\u52a8\uff08\u81ea\u8d39\uff09\u3002<\/li>\n<\/ul>\n<\/li>\n<\/ul>\n<h3><b>16:30 \u2013 17:00 PM\uff1a\u884c\u7a0b\u7ed3\u675f\uff0c\u8fd4\u56de\u9152\u5e97<\/b><\/h3>\n<ul>\n<li>\u72ec\u6728\u821f\u5e26\u4f60\u56de\u53bb <b>\u82bd\u5e84\u65c5\u6e38\u7801\u5934<\/b>.<\/li>\n<li>\u8f66\u5b50\u9001\u60a8\u56de\u9152\u5e97\uff0c\u7ed3\u675f\u4e00\u5929\u7684\u884c\u7a0b\u3002 <b>\u63a2\u7d22\u82bd\u5e84\u5c9b<\/b> \u5145\u6ee1\u56de\u5fc6<\/li>\n<\/ul>\n<hr \/>\n<p><b>\u884c\u7a0b\u5305\u62ec\uff1a<\/b><\/p>\n<ul>\n<li>\u5728\u82bd\u5e84\u5e02\u4e2d\u5fc3\u7684\u9152\u5e97\u63a5\u9001\u3002<\/li>\n<li>\u4e58\u5750\u5feb\u8247\u6e38\u89c8\u5c9b\u5c7f\u3002<\/li>\n<li>\u70ed\u60c5\u4e14\u4e13\u4e1a\u7684\u5bfc\u6e38\u3002<\/li>\n<li>\u5728\u6e14\u6751\u4eab\u7528\u6d77\u9c9c\u5348\u9910\u3002<\/li>\n<li>\u666f\u70b9\u95e8\u7968\uff08\u8ff7\u4f60\u6d77\u6ee9\u3001\u6e14\u6751\u3001Hon Tam\uff09\u3002<\/li>\n<li>\u72ec\u6728\u821f\u4e0a\u7684\u6cc9\u6c34\u3002<\/li>\n<li>\u65c5\u884c\u4fdd\u9669\u3002<\/li>\n<\/ul>\n<hr \/>\n<p><b>\u884c\u7a0b\u4e0d\u5305\u62ec\uff1a<\/b><\/p>\n<ul>\n<li>\u589e\u503c\u7a0e<\/li>\n<li>\u4e2a\u4eba\u5f00\u652f\u548c\u9879\u76ee\u5916\u7684\u8d2d\u7269\u3002<\/li>\n<li>\u5728 Mini Beach \u4ea7\u751f\u7684\u670d\u52a1\uff08\u5982\u679c\u6709\uff09\u3002<\/li>\n<li>\u5728 Hon Tam \u63d0\u4f9b\u7684\u670d\u52a1\uff08\u6c34\u4e0a\u8fd0\u52a8\u3001\u6c34\u7597\uff09\u3002<\/li>\n<li>\u63d0\u4f9b\u996e\u6599\u3002<\/li>\n<li>\u5bfc\u6e38\u548c\u53f8\u673a\u7684\u5c0f\u8d39\uff08\u53ef\u9009\uff09\u3002<\/li>\n<\/ul>\n<hr \/>\n<p><b>\u53c2\u52a0\u82bd\u5e84\u5c9b\u4e4b\u65c5\u987b\u77e5\uff1a<\/b><\/p>\n<ul>\n<li>\u643a\u5e26\u6cf3\u8863\u3001\u6bdb\u5dfe\u3001\u9632\u6652\u971c\u3001\u5e3d\u5b50\u3001\u592a\u9633\u955c\u3002<\/li>\n<li>\u51c6\u5907\u597d\u60a8\u7684\u76f8\u673a\/\u624b\u673a\u6765\u6355\u6349\u8fd9\u4e00\u77ac\u95f4\u3002<\/li>\n<li>\u5efa\u8bae\u643a\u5e26\u4e00\u5957\u5e72\u8863\u670d\uff0c\u4ee5\u4fbf\u6e38\u6cf3\u540e\u66f4\u6362\u3002<\/li>\n<li>\u4e3a\u786e\u4fdd\u6e38\u5ba2\u5b89\u5168\uff0c\u65c5\u6e38\u884c\u7a0b\u53ef\u80fd\u4f1a\u56e0\u5929\u6c14\u6216\u6f6e\u6c50\u56e0\u7d20\u800c\u6539\u53d8\u3002<\/li>\n<li>\u5982\u679c\u60a8\u6709\u4efb\u4f55\u7279\u6b8a\u8981\u6c42\uff08\u4f8b\u5982\u98df\u7269\u8fc7\u654f\uff09\uff0c\u8bf7\u544a\u77e5\u6211\u4eec\u3002<\/li>\n<\/ul>\n<hr \/>\n<p><b>\u4e3a\u4ec0\u4e48\u9009\u62e9\u6211\u4eec\u7684\u82bd\u5e84\u5c9b\u4e4b\u65c5\uff1f<\/b><\/p>\n<p>\u6211\u4eec\u81f4\u529b\u4e8e\u63d0\u4f9b\u9ad8\u54c1\u8d28\u7684\u65c5\u884c\u4f53\u9a8c\uff0c\u4e13\u4e1a\u7684\u670d\u52a1\u3001\u77e5\u8bc6\u6e0a\u535a\u3001\u5c3d\u804c\u5c3d\u8d23\u7684\u5bfc\u6e38\u56e2\u961f\u3002\u51ed\u501f\u8d85\u8fc710\u5e74\u7684\u6d77\u5c9b\u65c5\u6e38\u884c\u4e1a\u7ecf\u9a8c\uff0c\u6211\u4eec\u6709\u4fe1\u5fc3\u6210\u4e3a\u60a8\u65c5\u884c\u7684\u9996\u9009\u3002 <b>\u63a2\u7d22\u82bd\u5e84\u6e7e<\/b> \u60a8\u7684\u3002\u8ba9\u6211\u4eec\u4e3a\u60a8\u6253\u9020\u4e00\u4e2a\u96be\u5fd8\u7684\u5047\u671f\uff01<\/p>\n<hr \/>\n<p><b>\u8054\u7cfb\u5e76\u9884\u8ba2\u65c5\u6e38\uff1a<\/b><\/p>\n<p>\u60a8\u53ef\u4ee5\u901a\u8fc7\u7f51\u7ad9\u5728\u7ebf\u9884\u8ba2\u65c5\u6e38\u6216\u8054\u7cfb\u70ed\u7ebf\u83b7\u53d6\u8be6\u7ec6\u5efa\u8bae\u5e76\u83b7\u5f97\u6700\u4f18\u60e0\u7684\u4ef7\u683c\u3002 <b>\u4fbf\u5b9c\u7684\u82bd\u5e84\u5c9b\u4e4b\u65c5<\/b>.<\/p>\n<\/div>","protected":false},"excerpt":{"rendered":"<p>\u63a2\u7d22\u6d3b\u529b\u56db\u5c04\u7684\u82bd\u5e84\u5c9b\u4e00\u65e5\u6e38\uff1a\u5728\u8ff7\u4f60\u6d77\u6ee9\uff08\u8d8a\u5357\u7684\u590f\u5a01\u5937\uff09\u7684\u7535\u5f71\u9662\u5c3d\u60c5\u653e\u677e\uff0c\u5728\u6e14\u6751\u4eab\u7528\u65b0\u9c9c\u6d77\u9c9c\uff0c\u5728\u6c49\u8c2d\u5ea6\u5047\u6751\u653e\u677e\u8eab\u5fc3\u3002\u7acb\u5373\u9884\u8ba2\uff0c\u4f53\u9a8c\u4e30\u5bcc\u591a\u5f69\u7684\u6d77\u5c9b\u5929\u5802\u6d3b\u52a8<\/p>","protected":false},"featured_media":6908,"comment_status":"open","ping_status":"closed","template":"","meta":{"content-type":""},"product_brand":[498,497],"product_cat":[23],"product_tag":[258,256],"class_list":{"0":"post-7627","1":"product","2":"type-product","3":"status-publish","4":"has-post-thumbnail","6":"product_brand-hon-mieu","7":"product_brand-hon-tam","8":"product_cat-tour-hon-tam-nha-trang","9":"product_tag-tour-3-dao-nha-trang","10":"product_tag-tour-dao-nha-trang","12":"first","13":"instock","14":"featured","15":"virtual","16":"sold-individually","17":"purchasable","18":"product-type-booking"},"_links":{"self":[{"href":"https:\/\/hontam.com.vn\/zh\/wp-json\/wp\/v2\/product\/7627","targetHints":{"allow":["GET"]}}],"collection":[{"href":"https:\/\/hontam.com.vn\/zh\/wp-json\/wp\/v2\/product"}],"about":[{"href":"https:\/\/hontam.com.vn\/zh\/wp-json\/wp\/v2\/types\/product"}],"replies":[{"embeddable":true,"href":"https:\/\/hontam.com.vn\/zh\/wp-json\/wp\/v2\/comments?post=7627"}],"wp:featuredmedia":[{"embeddable":true,"href":"https:\/\/hontam.com.vn\/zh\/wp-json\/wp\/v2\/media\/6908"}],"wp:attachment":[{"href":"https:\/\/hontam.com.vn\/zh\/wp-json\/wp\/v2\/media?parent=7627"}],"wp:term":[{"taxonomy":"product_brand","embeddable":true,"href":"https:\/\/hontam.com.vn\/zh\/wp-json\/wp\/v2\/product_brand?post=7627"},{"taxonomy":"product_cat","embeddable":true,"href":"https:\/\/hontam.com.vn\/zh\/wp-json\/wp\/v2\/product_cat?post=7627"},{"taxonomy":"product_tag","embeddable":true,"href":"https:\/\/hontam.com.vn\/zh\/wp-json\/wp\/v2\/product_tag?post=7627"}],"curies":[{"name":"\u53ef\u6e7f\u6027\u7c89\u5242","href":"https:\/\/api.w.org\/{rel}","templated":true}]}}